{"id":2226,"date":"2026-01-17T02:40:29","date_gmt":"2026-01-17T01:40:29","guid":{"rendered":"https:\/\/matthieuchazarenc.com\/?page_id=2226"},"modified":"2026-01-30T01:21:05","modified_gmt":"2026-01-30T00:21:05","slug":"manuel-rocheman","status":"publish","type":"page","link":"https:\/\/matthieuchazarenc.com\/en\/manuel-rocheman\/","title":{"rendered":"Manuel Rocheman"},"content":{"rendered":"<p>[et_pb_section fb_built=\u00a0\u00bb1&Prime; admin_label=\u00a0\u00bbsection\u00a0\u00bb module_id=\u00a0\u00bbaboutme\u00a0\u00bb _builder_version=\u00a0\u00bb4.16&Prime; background_color=\u00a0\u00bb#000000&Prime; custom_padding=\u00a0\u00bb0px|0px|0px|0px\u00a0\u00bb transparent_background=\u00a0\u00bboff\u00a0\u00bb make_fullwidth=\u00a0\u00bboff\u00a0\u00bb use_custom_width=\u00a0\u00bboff\u00a0\u00bb width_unit=\u00a0\u00bboff\u00a0\u00bb custom_width_px=\u00a0\u00bb1080px\u00a0\u00bb custom_width_percent=\u00a0\u00bb80%\u00a0\u00bb global_colors_info=\u00a0\u00bb{}\u00a0\u00bb][et_pb_row _builder_version=\u00a0\u00bb4.16&Prime; _module_preset=\u00a0\u00bbdefault\u00a0\u00bb custom_padding=\u00a0\u00bb59px||0px|7px||\u00a0\u00bb global_colors_info=\u00a0\u00bb{}\u00a0\u00bb][et_pb_column type=\u00a0\u00bb4_4&Prime; _builder_version=\u00a0\u00bb4.16&Prime; _module_preset=\u00a0\u00bbdefault\u00a0\u00bb global_colors_info=\u00a0\u00bb{}\u00a0\u00bb][et_pb_text _builder_version=\u00a0\u00bb4.16&Prime; _module_preset=\u00a0\u00bbdefault\u00a0\u00bb custom_margin=\u00a0\u00bb2px||-50px|||\u00a0\u00bb custom_padding=\u00a0\u00bb||0px|||\u00a0\u00bb global_colors_info=\u00a0\u00bb{}\u00a0\u00bb]<\/p>\n<p class=\"p9\"><span style=\"font-size: 32px;\"><b>Manuel Rocheman<\/b><\/span><\/p>\n<p class=\"p9\"><span style=\"font-size: 32px;\"><b><\/b><\/span><\/p>\n<p class=\"p9\"><span style=\"font-size: 32px;\"><b><\/b><\/span><\/p>\n<p class=\"p9\"><span style=\"font-size: 14px;\"><\/span><\/p>\n<p>[\/et_pb_text][\/et_pb_column][\/et_pb_row][et_pb_row _builder_version=\u00a0\u00bb4.16&Prime; _module_preset=\u00a0\u00bbdefault\u00a0\u00bb custom_padding=\u00a0\u00bb28px|||||\u00a0\u00bb global_colors_info=\u00a0\u00bb{}\u00a0\u00bb][et_pb_column type=\u00a0\u00bb4_4&Prime; _builder_version=\u00a0\u00bb4.16&Prime; _module_preset=\u00a0\u00bbdefault\u00a0\u00bb global_colors_info=\u00a0\u00bb{}\u00a0\u00bb][et_pb_image src=\u00a0\u00bbhttps:\/\/matthieuchazarenc.com\/wp-content\/uploads\/2017\/02\/IMG_2054.jpg\u00a0\u00bb title_text=\u00a0\u00bbIMG_2054&Prime; _builder_version=\u00a0\u00bb4.16&Prime; _module_preset=\u00a0\u00bbdefault\u00a0\u00bb custom_padding=\u00a0\u00bb|499px||||\u00a0\u00bb global_colors_info=\u00a0\u00bb{}\u00a0\u00bb][\/et_pb_image][\/et_pb_column][\/et_pb_row][et_pb_row _builder_version=\u00a0\u00bb4.16&Prime; _module_preset=\u00a0\u00bbdefault\u00a0\u00bb custom_padding=\u00a0\u00bb5px||0px|7px||\u00a0\u00bb global_colors_info=\u00a0\u00bb{}\u00a0\u00bb][et_pb_column type=\u00a0\u00bb4_4&Prime; _builder_version=\u00a0\u00bb4.16&Prime; _module_preset=\u00a0\u00bbdefault\u00a0\u00bb global_colors_info=\u00a0\u00bb{}\u00a0\u00bb][et_pb_text _builder_version=\u00a0\u00bb4.16&Prime; _module_preset=\u00a0\u00bbdefault\u00a0\u00bb custom_margin=\u00a0\u00bb2px|||||\u00a0\u00bb custom_padding=\u00a0\u00bb||0px|||\u00a0\u00bb global_colors_info=\u00a0\u00bb{}\u00a0\u00bb]<\/p>\n<p class=\"p1\"><span style=\"font-size: 14px;\">Born on July 23, 1964, in Paris, France, Manuel Rocheman is a highly talented pianist, long regarded as the \u201cheir\u201d to Martial Solal. He has distinguished himself through obvious virtuosity and a keen sense of harmony, establishing himself as a refined pianist, particularly at ease in a trio setting.\n\nComing from a family of musicians, he trained at the Paris Conservatory (CNR) under Alberto Neuman, one of the few disciples of Arturo Benedetti Michelangeli. He discovered jazz through an Oscar Peterson record, whose influence he acknowledges, alongside that of Phineas Newborn and Martial Solal, with whom he furthered his jazz studies from 1980, having initially begun learning jazz under Michel Sardaby.<\/span><\/p>\n<div>\n<p class=\"p2\">\n<p class=\"p1\">As a teenager, during a stay in New York, he met Tommy Flanagan and Jaki Byard. His ear was further enriched by listening to the trios of Bill Evans, Keith Jarrett, Tete Montoliu, and Chick Corea.<\/p>\n<p class=\"p1\">Photographie:\u00a0<b>Karine Mahiout<\/b><\/p>\n<p class=\"\">\n<\/div>\n<div><strong><\/strong><\/div>\n<div><strong><\/strong><\/div>\n<div><strong><\/strong><\/div>\n<div><strong><\/strong><\/div>\n<div><strong><\/strong><\/div>\n<div><strong><\/strong><\/div>\n<div><strong><\/strong><\/div>\n<p class=\"p9\"><span style=\"color: #ffffff;\"><strong><span class=\"Apple-converted-space\"><\/span><\/strong><\/span><\/p>\n<p>[\/et_pb_text][\/et_pb_column][\/et_pb_row][\/et_pb_section][et_pb_section fb_built=\u00a0\u00bb1&Prime; _builder_version=\u00a0\u00bb4.16&Prime; _module_preset=\u00a0\u00bbdefault\u00a0\u00bb background_color=\u00a0\u00bb#000000&Prime; custom_padding=\u00a0\u00bb||0px|||\u00a0\u00bb global_colors_info=\u00a0\u00bb{}\u00a0\u00bb][et_pb_row _builder_version=\u00a0\u00bb4.27.5&Prime; _module_preset=\u00a0\u00bbdefault\u00a0\u00bb][et_pb_column _builder_version=\u00a0\u00bb4.27.5&Prime; _module_preset=\u00a0\u00bbdefault\u00a0\u00bb type=\u00a0\u00bb4_4&Prime;][et_pb_video src=\u00a0\u00bbhttps:\/\/www.youtube.com\/watch?v=8qhDATMJikg\u00a0\u00bb _builder_version=\u00a0\u00bb4.27.5&Prime; _module_preset=\u00a0\u00bbdefault\u00a0\u00bb hover_enabled=\u00a0\u00bb0&Prime; sticky_enabled=\u00a0\u00bb0&Prime;][\/et_pb_video][\/et_pb_column][\/et_pb_row][\/et_pb_section]<\/p>","protected":false},"excerpt":{"rendered":"<p>Manuel Rocheman N\u00e9 le 23 juillet 1964 \u00e0 Paris (France). Pianiste de grand talent, longtemps consid\u00e9r\u00e9 comme le \u00ab dauphin \u00bb de Martial Solal, Manuel Rocheman s\u2019est distingu\u00e9 par une virtuosit\u00e9 \u00e9vidente et un sens aigu de l\u2019harmonie qui ont fait de lui un pianiste raffin\u00e9, particuli\u00e8rement \u00e0 l\u2019aise dans le cadre du trio. Issu [&hellip;]<\/p>","protected":false},"author":1,"featured_media":0,"parent":0,"menu_order":0,"comment_status":"closed","ping_status":"closed","template":"","meta":{"_et_pb_use_builder":"on","_et_pb_old_content":"","_et_gb_content_width":"","footnotes":""},"class_list":["post-2226","page","type-page","status-publish","hentry"],"jetpack_sharing_enabled":true,"_links":{"self":[{"href":"https:\/\/matthieuchazarenc.com\/en\/wp-json\/wp\/v2\/pages\/2226","targetHints":{"allow":["GET"]}}],"collection":[{"href":"https:\/\/matthieuchazarenc.com\/en\/wp-json\/wp\/v2\/pages"}],"about":[{"href":"https:\/\/matthieuchazarenc.com\/en\/wp-json\/wp\/v2\/types\/page"}],"author":[{"embeddable":true,"href":"https:\/\/matthieuchazarenc.com\/en\/wp-json\/wp\/v2\/users\/1"}],"replies":[{"embeddable":true,"href":"https:\/\/matthieuchazarenc.com\/en\/wp-json\/wp\/v2\/comments?post=2226"}],"version-history":[{"count":6,"href":"https:\/\/matthieuchazarenc.com\/en\/wp-json\/wp\/v2\/pages\/2226\/revisions"}],"predecessor-version":[{"id":2392,"href":"https:\/\/matthieuchazarenc.com\/en\/wp-json\/wp\/v2\/pages\/2226\/revisions\/2392"}],"wp:attachment":[{"href":"https:\/\/matthieuchazarenc.com\/en\/wp-json\/wp\/v2\/media?parent=2226"}],"curies":[{"name":"wp","href":"https:\/\/api.w.org\/{rel}","templated":true}]}}