{"id":2221,"date":"2026-01-17T02:37:56","date_gmt":"2026-01-17T01:37:56","guid":{"rendered":"https:\/\/matthieuchazarenc.com\/?page_id=2221"},"modified":"2026-01-30T01:24:17","modified_gmt":"2026-01-30T00:24:17","slug":"khalil-chahine","status":"publish","type":"page","link":"https:\/\/matthieuchazarenc.com\/en\/khalil-chahine\/","title":{"rendered":"Khalil Chahine"},"content":{"rendered":"<p>[et_pb_section fb_built=\u00a0\u00bb1&Prime; admin_label=\u00a0\u00bbsection\u00a0\u00bb module_id=\u00a0\u00bbaboutme\u00a0\u00bb _builder_version=\u00a0\u00bb4.16&Prime; background_color=\u00a0\u00bb#000000&Prime; custom_padding=\u00a0\u00bb0px|0px|0px|0px\u00a0\u00bb transparent_background=\u00a0\u00bboff\u00a0\u00bb make_fullwidth=\u00a0\u00bboff\u00a0\u00bb use_custom_width=\u00a0\u00bboff\u00a0\u00bb width_unit=\u00a0\u00bboff\u00a0\u00bb custom_width_px=\u00a0\u00bb1080px\u00a0\u00bb custom_width_percent=\u00a0\u00bb80%\u00a0\u00bb global_colors_info=\u00a0\u00bb{}\u00a0\u00bb][et_pb_row _builder_version=\u00a0\u00bb4.16&Prime; _module_preset=\u00a0\u00bbdefault\u00a0\u00bb custom_padding=\u00a0\u00bb59px||0px|7px||\u00a0\u00bb global_colors_info=\u00a0\u00bb{}\u00a0\u00bb][et_pb_column type=\u00a0\u00bb4_4&Prime; _builder_version=\u00a0\u00bb4.16&Prime; _module_preset=\u00a0\u00bbdefault\u00a0\u00bb global_colors_info=\u00a0\u00bb{}\u00a0\u00bb][et_pb_text _builder_version=\u00a0\u00bb4.16&Prime; _module_preset=\u00a0\u00bbdefault\u00a0\u00bb custom_margin=\u00a0\u00bb2px||-50px|||\u00a0\u00bb custom_padding=\u00a0\u00bb||0px|||\u00a0\u00bb global_colors_info=\u00a0\u00bb{}\u00a0\u00bb]<\/p>\n<p class=\"p9\"><span style=\"font-size: 32px;\"><b>Khalil Chahine<\/b><\/span><\/p>\n<p class=\"p9\"><span style=\"font-size: 32px;\"><b><\/b><\/span><\/p>\n<p class=\"p9\"><span style=\"font-size: 32px;\"><b><\/b><\/span><\/p>\n<p class=\"p9\"><span style=\"font-size: 14px;\"><\/span><\/p>\n<p>[\/et_pb_text][\/et_pb_column][\/et_pb_row][et_pb_row _builder_version=\u00a0\u00bb4.16&Prime; _module_preset=\u00a0\u00bbdefault\u00a0\u00bb custom_padding=\u00a0\u00bb28px|||||\u00a0\u00bb global_colors_info=\u00a0\u00bb{}\u00a0\u00bb][et_pb_column type=\u00a0\u00bb4_4&Prime; _builder_version=\u00a0\u00bb4.16&Prime; _module_preset=\u00a0\u00bbdefault\u00a0\u00bb global_colors_info=\u00a0\u00bb{}\u00a0\u00bb][et_pb_image src=\u00a0\u00bbhttps:\/\/matthieuchazarenc.com\/wp-content\/uploads\/2021\/01\/KC-Harmonica.jpg\u00a0\u00bb title_text=\u00a0\u00bbKC Harmonica\u00a0\u00bb _builder_version=\u00a0\u00bb4.16&Prime; _module_preset=\u00a0\u00bbdefault\u00a0\u00bb custom_padding=\u00a0\u00bb|581px||||\u00a0\u00bb global_colors_info=\u00a0\u00bb{}\u00a0\u00bb][\/et_pb_image][\/et_pb_column][\/et_pb_row][et_pb_row _builder_version=\u00a0\u00bb4.16&Prime; _module_preset=\u00a0\u00bbdefault\u00a0\u00bb custom_padding=\u00a0\u00bb5px||0px|7px||\u00a0\u00bb global_colors_info=\u00a0\u00bb{}\u00a0\u00bb][et_pb_column type=\u00a0\u00bb4_4&Prime; _builder_version=\u00a0\u00bb4.16&Prime; _module_preset=\u00a0\u00bbdefault\u00a0\u00bb global_colors_info=\u00a0\u00bb{}\u00a0\u00bb][et_pb_text _builder_version=\u00a0\u00bb4.16&Prime; _module_preset=\u00a0\u00bbdefault\u00a0\u00bb custom_margin=\u00a0\u00bb2px|||||\u00a0\u00bb custom_padding=\u00a0\u00bb||0px|||\u00a0\u00bb global_colors_info=\u00a0\u00bb{}\u00a0\u00bb]<\/p>\n<div>\n<div class=\"page\" title=\"Page 1\">\n<div class=\"layoutArea\">\n<div class=\"column\">\n<p class=\"translation-block\">Born in France to an Egyptian father and a Franco-American mother, Khalil Chahine began his career as a guitarist, accompanying numerous artists from diverse backgrounds, including Michel Legrand, Martial Solal, Jacques Dutronc, Diane Dufresne, and Henri Salvador.<\/p>\n<p class=\"translation-block\">He notably took part in the band formed by Jacques Dutronc to accompany him at the Casino de Paris in November 1992. A CD was recorded and produced on this occasion by Dominique Blanc-Francard, Jacques Dutronc au Casino, featuring performances by Jannick Top, Andr\u00e9 Ceccarelli, and Bernard Arcadio. A live recording was also captured by Jean-Marie P\u00e9rier.<\/p>\n<p>He then continued his career primarily as a composer and arranger.<\/p>\n<p class=\"translation-block\">He composes music for television (jingles for the news and weather on France 2 in the mid-1990s) and for film (V\u00e9nus Beaut\u00e9 (Institut), 1999; Monsieur Batignole, 2000).<\/p>\n<p class=\"translation-block\">In 2012, the Louvre Museum invited Khalil Chahine to compose an original score for the first animated film, Les Aventures du prince Ahmed, created in 1926 by Lotte Reiniger. The music, written for electronics and an instrumental ensemble, was performed during screenings, notably on the stage of the Louvre Auditorium in 2012, at the Th\u00e9\u00e2tre Libert\u00e9 in Toulon for the Musiques pour l\u2019\u00e9cran festival in 2014, and at the Jazz &amp; Garonne festival in Marmande in 2015.<\/p>\n<p class=\"translation-block\">In 2018, his 8th album, Kaf\u00e9 Groppi, was released as a tribute to the Groppi Caf\u00e9 in Cairo.<\/p>\n<\/div>\n<\/div>\n<\/div>\n<p>&nbsp;<\/p>\n<\/div>\n<div><strong><\/strong><\/div>\n<div><strong><\/strong><\/div>\n<div><strong><\/strong><\/div>\n<div><strong><\/strong><\/div>\n<div><strong><\/strong><\/div>\n<div><strong><\/strong><\/div>\n<div><strong><\/strong><\/div>\n<p class=\"p9\"><span style=\"color: #ffffff;\"><strong><span class=\"Apple-converted-space\"><\/span><\/strong><\/span><\/p>\n<p>[\/et_pb_text][\/et_pb_column][\/et_pb_row][\/et_pb_section][et_pb_section fb_built=\u00a0\u00bb1&Prime; _builder_version=\u00a0\u00bb4.16&Prime; _module_preset=\u00a0\u00bbdefault\u00a0\u00bb background_color=\u00a0\u00bb#000000&Prime; custom_padding=\u00a0\u00bb||0px|||\u00a0\u00bb global_colors_info=\u00a0\u00bb{}\u00a0\u00bb][et_pb_row _builder_version=\u00a0\u00bb4.27.5&Prime; _module_preset=\u00a0\u00bbdefault\u00a0\u00bb][et_pb_column _builder_version=\u00a0\u00bb4.27.5&Prime; _module_preset=\u00a0\u00bbdefault\u00a0\u00bb type=\u00a0\u00bb4_4&Prime;][et_pb_video src=\u00a0\u00bbhttps:\/\/www.youtube.com\/watch?v=JjWn6LFFUFU\u00a0\u00bb _builder_version=\u00a0\u00bb4.27.5&Prime; _module_preset=\u00a0\u00bbdefault\u00a0\u00bb hover_enabled=\u00a0\u00bb0&Prime; sticky_enabled=\u00a0\u00bb0&Prime;][\/et_pb_video][\/et_pb_column][\/et_pb_row][\/et_pb_section]<\/p>","protected":false},"excerpt":{"rendered":"<p>Khalil Chahine N\u00e9 en France d&rsquo;un p\u00e8re\u00a0\u00c9gyptien\u00a0et d&rsquo;une m\u00e8re\u00a0Franco-Am\u00e9ricaine, Khalil Chahine commence sa carri\u00e8re de guitariste en accompagnant de nombreux artistes aux horizons bien diff\u00e9rents\u00a0:\u00a0Michel Legrand,\u00a0Martial Solal,\u00a0Jacques Dutronc,\u00a0Diane Dufresne,\u00a0Henri Salvador,\u00a0etc. Il a notamment particip\u00e9 au groupe form\u00e9 par\u00a0Jacques Dutronc\u00a0pour l&rsquo;accompagner au\u00a0Casino de Paris\u00a0en\u00a0novembre 1992. Un CD a \u00e9t\u00e9 enregistr\u00e9 et r\u00e9alis\u00e9 \u00e0 cette occasion par\u00a0Dominique [&hellip;]<\/p>","protected":false},"author":1,"featured_media":0,"parent":0,"menu_order":0,"comment_status":"closed","ping_status":"closed","template":"","meta":{"_et_pb_use_builder":"on","_et_pb_old_content":"","_et_gb_content_width":"","footnotes":""},"class_list":["post-2221","page","type-page","status-publish","hentry"],"jetpack_sharing_enabled":true,"_links":{"self":[{"href":"https:\/\/matthieuchazarenc.com\/en\/wp-json\/wp\/v2\/pages\/2221","targetHints":{"allow":["GET"]}}],"collection":[{"href":"https:\/\/matthieuchazarenc.com\/en\/wp-json\/wp\/v2\/pages"}],"about":[{"href":"https:\/\/matthieuchazarenc.com\/en\/wp-json\/wp\/v2\/types\/page"}],"author":[{"embeddable":true,"href":"https:\/\/matthieuchazarenc.com\/en\/wp-json\/wp\/v2\/users\/1"}],"replies":[{"embeddable":true,"href":"https:\/\/matthieuchazarenc.com\/en\/wp-json\/wp\/v2\/comments?post=2221"}],"version-history":[{"count":7,"href":"https:\/\/matthieuchazarenc.com\/en\/wp-json\/wp\/v2\/pages\/2221\/revisions"}],"predecessor-version":[{"id":2395,"href":"https:\/\/matthieuchazarenc.com\/en\/wp-json\/wp\/v2\/pages\/2221\/revisions\/2395"}],"wp:attachment":[{"href":"https:\/\/matthieuchazarenc.com\/en\/wp-json\/wp\/v2\/media?parent=2221"}],"curies":[{"name":"wp","href":"https:\/\/api.w.org\/{rel}","templated":true}]}}