{"id":2215,"date":"2026-01-17T02:34:06","date_gmt":"2026-01-17T01:34:06","guid":{"rendered":"https:\/\/matthieuchazarenc.com\/?page_id=2215"},"modified":"2026-01-30T01:20:01","modified_gmt":"2026-01-30T00:20:01","slug":"tuba-boom-trio","status":"publish","type":"page","link":"https:\/\/matthieuchazarenc.com\/en\/tuba-boom-trio\/","title":{"rendered":"Tuba Boom Trio"},"content":{"rendered":"<p>[et_pb_section fb_built=\u00a0\u00bb1&Prime; admin_label=\u00a0\u00bbsection\u00a0\u00bb module_id=\u00a0\u00bbaboutme\u00a0\u00bb _builder_version=\u00a0\u00bb4.16&Prime; background_color=\u00a0\u00bb#000000&Prime; custom_padding=\u00a0\u00bb0px|0px|0px|0px\u00a0\u00bb transparent_background=\u00a0\u00bboff\u00a0\u00bb make_fullwidth=\u00a0\u00bboff\u00a0\u00bb use_custom_width=\u00a0\u00bboff\u00a0\u00bb width_unit=\u00a0\u00bboff\u00a0\u00bb custom_width_px=\u00a0\u00bb1080px\u00a0\u00bb custom_width_percent=\u00a0\u00bb80%\u00a0\u00bb global_colors_info=\u00a0\u00bb{}\u00a0\u00bb][et_pb_row _builder_version=\u00a0\u00bb4.16&Prime; _module_preset=\u00a0\u00bbdefault\u00a0\u00bb custom_padding=\u00a0\u00bb59px||0px|7px||\u00a0\u00bb global_colors_info=\u00a0\u00bb{}\u00a0\u00bb][et_pb_column type=\u00a0\u00bb4_4&Prime; _builder_version=\u00a0\u00bb4.16&Prime; _module_preset=\u00a0\u00bbdefault\u00a0\u00bb global_colors_info=\u00a0\u00bb{}\u00a0\u00bb][et_pb_text _builder_version=\u00a0\u00bb4.16&Prime; _module_preset=\u00a0\u00bbdefault\u00a0\u00bb custom_margin=\u00a0\u00bb2px||-50px|-6px||\u00a0\u00bb custom_padding=\u00a0\u00bb||0px|0px||\u00a0\u00bb global_colors_info=\u00a0\u00bb{}\u00a0\u00bb]<\/p>\n<p class=\"p9\"><span style=\"font-size: 32px;\"><b>Tuba Boom Trio<\/b><\/span><span style=\"font-size: 14px;\">\u00a0<\/span><\/p>\n<p class=\"p9\"><span style=\"font-size: 14px;\"><\/span><\/p>\n<p class=\"p9\"><span style=\"font-size: 14px;\"><\/span><\/p>\n<p class=\"p9\"><span style=\"font-size: 14px;\"><\/span><\/p>\n<p>[\/et_pb_text][\/et_pb_column][\/et_pb_row][et_pb_row _builder_version=\u00a0\u00bb4.16&Prime; _module_preset=\u00a0\u00bbdefault\u00a0\u00bb custom_padding=\u00a0\u00bb28px|||||\u00a0\u00bb global_colors_info=\u00a0\u00bb{}\u00a0\u00bb][et_pb_column type=\u00a0\u00bb4_4&Prime; _builder_version=\u00a0\u00bb4.16&Prime; _module_preset=\u00a0\u00bbdefault\u00a0\u00bb global_colors_info=\u00a0\u00bb{}\u00a0\u00bb][et_pb_image src=\u00a0\u00bbhttps:\/\/matthieuchazarenc.com\/wp-content\/uploads\/2025\/08\/Trio-Caillet-Chazarenc-Thuillier-20.02.2025-7-2.jpeg\u00a0\u00bb title_text=\u00a0\u00bbTrio Caillet Chazarenc Thuillier &#8211; 20.02.2025 7 (2)\u00a0\u00bb _builder_version=\u00a0\u00bb4.16&Prime; _module_preset=\u00a0\u00bbdefault\u00a0\u00bb custom_padding=\u00a0\u00bb|499px||||\u00a0\u00bb global_colors_info=\u00a0\u00bb{}\u00a0\u00bb][\/et_pb_image][et_pb_text _builder_version=\u00a0\u00bb4.16&Prime; _module_preset=\u00a0\u00bbdefault\u00a0\u00bb custom_margin=\u00a0\u00bb2px|||||\u00a0\u00bb custom_padding=\u00a0\u00bb||0px|||\u00a0\u00bb global_colors_info=\u00a0\u00bb{}\u00a0\u00bb]<\/p>\n<div>\n<div><b>Francois Thuillier : Tuba <br \/>Anthony Caillet : Euphonium <br \/>Matthieu Chazarenc : Drums<\/b><\/div>\n<div><b><\/b><\/div>\n<div><b><\/b><\/div>\n<div><b><\/b><\/div>\n<div><b><\/b><\/div>\n<div><b><\/b><\/div>\n<div><b><\/b><\/div>\n<div><b><\/b><\/div>\n<div><b><\/b><\/div>\n<div><b><\/b><\/div>\n<div><b><\/b><\/div>\n<div><b><\/b><\/div>\n<div><b><\/b><\/div>\n<div><b><\/b><\/div>\n<div><b><\/b><\/div>\n<p><strong>\u00a0 \u00a0<\/strong><\/p>\n<p><strong>F<\/strong>Born from the meeting of musicians from Ard\u00e8che, Lot-et-Garonne, and the Somme \u2014 each with a solid, multi-disciplinary musical background \u2014 the Trio Caillet\/Chazarenc\/Thuillier came into being in 2025.<\/p>\n<p>This unique and exhilarating ensemble brings together three strong personalities from the French jazz scene.<\/p>\n<p>Passionate, Anthony Caillet, Matthieu Chazarenc, and Fran\u00e7ois Thuillier combine their impeccable virtuosity and distinct musical worlds to create a bold cocktail of original compositions written specifically for the trio.<\/p>\n<p>Their distinctive feature is also highlighting festive music that is accessible to everyone.<\/p>\n<p>It\u2019s now or never to treat yourself to a bit of freshness with music that, by refusing to overdo it, simply speaks\u2026<\/p>\n<div><b><\/b><\/div>\n<\/div>\n<div><strong><\/strong><\/div>\n<div><strong><\/strong><\/div>\n<div><strong><\/strong><\/div>\n<div><strong><\/strong><\/div>\n<div><strong><\/strong><\/div>\n<div><strong><\/strong><\/div>\n<div><strong><\/strong><\/div>\n<div><\/div>\n<div><strong><\/strong><\/div>\n<div><strong><\/strong><\/div>\n<div><strong><\/strong><\/div>\n<div><strong><\/strong><\/div>\n<div><strong><\/strong><\/div>\n<div><strong><\/strong><\/div>\n<div><strong><\/strong><\/div>\n<p class=\"p9\"><span style=\"color: #ffffff;\"><strong><span class=\"Apple-converted-space\"><\/span><\/strong><\/span><\/p>\n<p>[\/et_pb_text][\/et_pb_column][\/et_pb_row][et_pb_row _builder_version=\u00a0\u00bb4.16&Prime; _module_preset=\u00a0\u00bbdefault\u00a0\u00bb custom_padding=\u00a0\u00bb5px||0px|7px||\u00a0\u00bb global_colors_info=\u00a0\u00bb{}\u00a0\u00bb][et_pb_column type=\u00a0\u00bb4_4&Prime; _builder_version=\u00a0\u00bb4.16&Prime; _module_preset=\u00a0\u00bbdefault\u00a0\u00bb global_colors_info=\u00a0\u00bb{}\u00a0\u00bb][et_pb_video src=\u00a0\u00bbhttps:\/\/www.youtube.com\/watch?v=_CZovBEGBfs\u00a0\u00bb _builder_version=\u00a0\u00bb4.27.5&Prime; _module_preset=\u00a0\u00bbdefault\u00a0\u00bb hover_enabled=\u00a0\u00bb0&Prime; sticky_enabled=\u00a0\u00bb0&Prime;][\/et_pb_video][\/et_pb_column][\/et_pb_row][\/et_pb_section][et_pb_section fb_built=\u00a0\u00bb1&Prime; _builder_version=\u00a0\u00bb4.16&Prime; _module_preset=\u00a0\u00bbdefault\u00a0\u00bb background_color=\u00a0\u00bb#000000&Prime; custom_padding=\u00a0\u00bb||0px|||\u00a0\u00bb global_colors_info=\u00a0\u00bb{}\u00a0\u00bb][\/et_pb_section]<\/p>","protected":false},"excerpt":{"rendered":"<p>Tuba Boom Trio\u00a0 Francois Thuillier : Tuba Anthony Caillet : Euphonium Matthieu Chazarenc : Batterie \u00a0 \u00a0 Fruit de la rencontre entre un musicien de l&rsquo;Ard\u00e8che, du Lot et Garonne et de la Somme, chacun dot\u00e9 chacun d&rsquo;un solide cursus musical multi-esth\u00e9tique, le Trio Caillet\/Chazarenc\/Thuillier voit le jour en 2025. Cet ensemble in\u00e9dit et jubilatoire [&hellip;]<\/p>","protected":false},"author":1,"featured_media":0,"parent":0,"menu_order":0,"comment_status":"closed","ping_status":"closed","template":"","meta":{"_et_pb_use_builder":"on","_et_pb_old_content":"","_et_gb_content_width":"","footnotes":""},"class_list":["post-2215","page","type-page","status-publish","hentry"],"jetpack_sharing_enabled":true,"_links":{"self":[{"href":"https:\/\/matthieuchazarenc.com\/en\/wp-json\/wp\/v2\/pages\/2215","targetHints":{"allow":["GET"]}}],"collection":[{"href":"https:\/\/matthieuchazarenc.com\/en\/wp-json\/wp\/v2\/pages"}],"about":[{"href":"https:\/\/matthieuchazarenc.com\/en\/wp-json\/wp\/v2\/types\/page"}],"author":[{"embeddable":true,"href":"https:\/\/matthieuchazarenc.com\/en\/wp-json\/wp\/v2\/users\/1"}],"replies":[{"embeddable":true,"href":"https:\/\/matthieuchazarenc.com\/en\/wp-json\/wp\/v2\/comments?post=2215"}],"version-history":[{"count":8,"href":"https:\/\/matthieuchazarenc.com\/en\/wp-json\/wp\/v2\/pages\/2215\/revisions"}],"predecessor-version":[{"id":2391,"href":"https:\/\/matthieuchazarenc.com\/en\/wp-json\/wp\/v2\/pages\/2215\/revisions\/2391"}],"wp:attachment":[{"href":"https:\/\/matthieuchazarenc.com\/en\/wp-json\/wp\/v2\/media?parent=2215"}],"curies":[{"name":"wp","href":"https:\/\/api.w.org\/{rel}","templated":true}]}}