{"id":2201,"date":"2026-01-17T02:25:01","date_gmt":"2026-01-17T01:25:01","guid":{"rendered":"https:\/\/matthieuchazarenc.com\/?page_id=2201"},"modified":"2026-01-30T01:26:57","modified_gmt":"2026-01-30T00:26:57","slug":"orchestre-appassionato","status":"publish","type":"page","link":"https:\/\/matthieuchazarenc.com\/en\/orchestre-appassionato\/","title":{"rendered":"Orchestre Appassionato"},"content":{"rendered":"<p>[et_pb_section fb_built=\u00a0\u00bb1&Prime; admin_label=\u00a0\u00bbsection\u00a0\u00bb module_id=\u00a0\u00bbaboutme\u00a0\u00bb _builder_version=\u00a0\u00bb4.16&Prime; background_color=\u00a0\u00bb#000000&Prime; custom_padding=\u00a0\u00bb0px|0px|0px|0px\u00a0\u00bb transparent_background=\u00a0\u00bboff\u00a0\u00bb make_fullwidth=\u00a0\u00bboff\u00a0\u00bb use_custom_width=\u00a0\u00bboff\u00a0\u00bb width_unit=\u00a0\u00bboff\u00a0\u00bb custom_width_px=\u00a0\u00bb1080px\u00a0\u00bb custom_width_percent=\u00a0\u00bb80%\u00a0\u00bb global_colors_info=\u00a0\u00bb{}\u00a0\u00bb][et_pb_row _builder_version=\u00a0\u00bb4.16&Prime; _module_preset=\u00a0\u00bbdefault\u00a0\u00bb custom_padding=\u00a0\u00bb28px|||||\u00a0\u00bb global_colors_info=\u00a0\u00bb{}\u00a0\u00bb][et_pb_column type=\u00a0\u00bb4_4&Prime; _builder_version=\u00a0\u00bb4.16&Prime; _module_preset=\u00a0\u00bbdefault\u00a0\u00bb global_colors_info=\u00a0\u00bb{}\u00a0\u00bb][et_pb_text _builder_version=\u00a0\u00bb4.27.5&Prime; _module_preset=\u00a0\u00bbdefault\u00a0\u00bb global_colors_info=\u00a0\u00bb{}\u00a0\u00bb]<\/p>\n<p>\u00a0<span style=\"font-size: xx-large;\"><strong>Orchestre Appassionato, Mathieu Herzog<\/strong><\/span><\/p>\n<p>[\/et_pb_text][\/et_pb_column][\/et_pb_row][et_pb_row _builder_version=\u00a0\u00bb4.16&Prime; _module_preset=\u00a0\u00bbdefault\u00a0\u00bb custom_padding=\u00a0\u00bb28px|||||\u00a0\u00bb global_colors_info=\u00a0\u00bb{}\u00a0\u00bb][et_pb_column type=\u00a0\u00bb4_4&Prime; _builder_version=\u00a0\u00bb4.16&Prime; _module_preset=\u00a0\u00bbdefault\u00a0\u00bb global_colors_info=\u00a0\u00bb{}\u00a0\u00bb][et_pb_image src=\u00a0\u00bbhttps:\/\/matthieuchazarenc.com\/wp-content\/uploads\/2026\/01\/IMG_1722.jpeg\u00a0\u00bb title_text=\u00a0\u00bbIMG_1722&Prime; _builder_version=\u00a0\u00bb4.16&Prime; _module_preset=\u00a0\u00bbdefault\u00a0\u00bb custom_padding=\u00a0\u00bb|499px||||\u00a0\u00bb global_colors_info=\u00a0\u00bb{}\u00a0\u00bb][\/et_pb_image][\/et_pb_column][\/et_pb_row][et_pb_row _builder_version=\u00a0\u00bb4.16&Prime; _module_preset=\u00a0\u00bbdefault\u00a0\u00bb custom_padding=\u00a0\u00bb5px||0px|7px||\u00a0\u00bb global_colors_info=\u00a0\u00bb{}\u00a0\u00bb][et_pb_column type=\u00a0\u00bb4_4&Prime; _builder_version=\u00a0\u00bb4.16&Prime; _module_preset=\u00a0\u00bbdefault\u00a0\u00bb global_colors_info=\u00a0\u00bb{}\u00a0\u00bb][et_pb_text _builder_version=\u00a0\u00bb4.16&Prime; _module_preset=\u00a0\u00bbdefault\u00a0\u00bb custom_margin=\u00a0\u00bb2px|||||\u00a0\u00bb custom_padding=\u00a0\u00bb||0px|||\u00a0\u00bb global_colors_info=\u00a0\u00bb{}\u00a0\u00bb]<\/p>\n<p class=\"p1\">\n<div>\n<div><strong>\u00a0<\/strong><strong style=\"font-size: 14px;\">\u00a0<\/strong><\/div>\n<div>\n<p><strong>\u201cChamber Music at the Heart of the Orchestra\u201d<\/strong><\/p>\n<p><strong>\u200b<\/strong><\/p>\n<p><strong>\u201cThis is by far the best definition of what lies at the heart of Appassionato. Beyond being a chamber orchestra, Appassionato is a true ensemble of chamber musicians. The keen listening of each member, cultivated by passionate musicians with contagious energy, forms the distinctive essence of Appassionato.\u201d<\/strong><\/p>\n<p><strong>Playing together is a concern that preoccupies every conductor and every musician who performs in any context other than solo. Far beyond simply stacking notes vertically on top of one another, it is about finding an osmotic connection between the musicians, feeling the lines, phrases, and movements of the music, and adopting a shared breathing that fundamentally transforms the interpretation.<\/strong><\/p>\n<p><strong>A quartet, a trio \u2014 but at 40, a different kind of listening emerges: a musical dialogue, a question-and-answer exchange from one ear to another, a musical ping-pong. This is what, concert after concert and recording after recording, sets Appassionato apart.\u201d<\/strong><\/p>\n<p><strong>Mathieu Herzog<\/strong><\/p>\n<p><strong>\u200b<\/strong><\/p>\n<p><strong>Appassionato receives support from Adami, Spedidam, and the National Music Center.<\/strong><\/p>\n<\/div>\n<\/div>\n<div><strong><\/strong><\/div>\n<div><strong><\/strong><\/div>\n<div><strong><\/strong><\/div>\n<div><strong><\/strong><\/div>\n<div><strong><\/strong><\/div>\n<div><strong><\/strong><\/div>\n<div><strong><\/strong><\/div>\n<div><strong>.<\/strong><\/div>\n<div><strong><\/strong><\/div>\n<div><strong><\/strong><\/div>\n<div><strong><\/strong><\/div>\n<div><strong><\/strong><\/div>\n<div><strong><\/strong><\/div>\n<div><strong><\/strong><\/div>\n<div><strong><\/strong><\/div>\n<p class=\"p9\"><span style=\"color: #ffffff;\"><strong><span class=\"Apple-converted-space\"><\/span><\/strong><\/span><\/p>\n<p>[\/et_pb_text][\/et_pb_column][\/et_pb_row][\/et_pb_section][et_pb_section fb_built=\u00a0\u00bb1&Prime; _builder_version=\u00a0\u00bb4.16&Prime; _module_preset=\u00a0\u00bbdefault\u00a0\u00bb background_color=\u00a0\u00bb#000000&Prime; custom_padding=\u00a0\u00bb||0px|||\u00a0\u00bb global_colors_info=\u00a0\u00bb{}\u00a0\u00bb][et_pb_row _builder_version=\u00a0\u00bb4.27.5&Prime; _module_preset=\u00a0\u00bbdefault\u00a0\u00bb][et_pb_column _builder_version=\u00a0\u00bb4.27.5&Prime; _module_preset=\u00a0\u00bbdefault\u00a0\u00bb type=\u00a0\u00bb4_4&Prime;][et_pb_video src=\u00a0\u00bbhttps:\/\/www.youtube.com\/watch?v=-2IzQevXm_I\u00a0\u00bb _builder_version=\u00a0\u00bb4.27.5&Prime; _module_preset=\u00a0\u00bbdefault\u00a0\u00bb hover_enabled=\u00a0\u00bb0&Prime; sticky_enabled=\u00a0\u00bb0&Prime;][\/et_pb_video][\/et_pb_column][\/et_pb_row][\/et_pb_section]<\/p>","protected":false},"excerpt":{"rendered":"<p>\u00a0Orchestre Appassionato, Mathieu Herzog \u00a0\u00a0 \u00ab\u00a0La musique de chambre au c\u0153ur de l\u2019orchestre\u00a0\u00bb \u200b \u00ab\u00a0C\u2019est de loin la meilleure d\u00e9finition de ce qui fait l\u2019essence d\u2019Appassionato. Au-del\u00e0 d\u2019un orchestre de chambre, Appassionato est un orchestre chambriste. L\u2019\u00e9coute fine des uns et des autres d\u00e9velopp\u00e9e par des musiciens passionn\u00e9s \u00e0 l&rsquo;\u00e9nergie communicative, fonde la grande singularit\u00e9 [&hellip;]<\/p>","protected":false},"author":1,"featured_media":0,"parent":0,"menu_order":0,"comment_status":"closed","ping_status":"closed","template":"","meta":{"_et_pb_use_builder":"on","_et_pb_old_content":"","_et_gb_content_width":"","footnotes":""},"class_list":["post-2201","page","type-page","status-publish","hentry"],"jetpack_sharing_enabled":true,"_links":{"self":[{"href":"https:\/\/matthieuchazarenc.com\/en\/wp-json\/wp\/v2\/pages\/2201","targetHints":{"allow":["GET"]}}],"collection":[{"href":"https:\/\/matthieuchazarenc.com\/en\/wp-json\/wp\/v2\/pages"}],"about":[{"href":"https:\/\/matthieuchazarenc.com\/en\/wp-json\/wp\/v2\/types\/page"}],"author":[{"embeddable":true,"href":"https:\/\/matthieuchazarenc.com\/en\/wp-json\/wp\/v2\/users\/1"}],"replies":[{"embeddable":true,"href":"https:\/\/matthieuchazarenc.com\/en\/wp-json\/wp\/v2\/comments?post=2201"}],"version-history":[{"count":5,"href":"https:\/\/matthieuchazarenc.com\/en\/wp-json\/wp\/v2\/pages\/2201\/revisions"}],"predecessor-version":[{"id":2396,"href":"https:\/\/matthieuchazarenc.com\/en\/wp-json\/wp\/v2\/pages\/2201\/revisions\/2396"}],"wp:attachment":[{"href":"https:\/\/matthieuchazarenc.com\/en\/wp-json\/wp\/v2\/media?parent=2201"}],"curies":[{"name":"wp","href":"https:\/\/api.w.org\/{rel}","templated":true}]}}