{"id":2196,"date":"2026-01-17T02:19:45","date_gmt":"2026-01-17T01:19:45","guid":{"rendered":"https:\/\/matthieuchazarenc.com\/?page_id=2196"},"modified":"2026-01-30T01:22:54","modified_gmt":"2026-01-30T00:22:54","slug":"trio-django","status":"publish","type":"page","link":"https:\/\/matthieuchazarenc.com\/en\/trio-django\/","title":{"rendered":"Trio Django"},"content":{"rendered":"<p>[et_pb_section fb_built=\u00a0\u00bb1&Prime; admin_label=\u00a0\u00bbsection\u00a0\u00bb module_id=\u00a0\u00bbaboutme\u00a0\u00bb _builder_version=\u00a0\u00bb4.16&Prime; background_color=\u00a0\u00bb#000000&Prime; custom_padding=\u00a0\u00bb0px|0px|0px|0px\u00a0\u00bb transparent_background=\u00a0\u00bboff\u00a0\u00bb make_fullwidth=\u00a0\u00bboff\u00a0\u00bb use_custom_width=\u00a0\u00bboff\u00a0\u00bb width_unit=\u00a0\u00bboff\u00a0\u00bb custom_width_px=\u00a0\u00bb1080px\u00a0\u00bb custom_width_percent=\u00a0\u00bb80%\u00a0\u00bb global_colors_info=\u00a0\u00bb{}\u00a0\u00bb][et_pb_row _builder_version=\u00a0\u00bb4.16&Prime; _module_preset=\u00a0\u00bbdefault\u00a0\u00bb custom_padding=\u00a0\u00bb28px|||||\u00a0\u00bb global_colors_info=\u00a0\u00bb{}\u00a0\u00bb][et_pb_column type=\u00a0\u00bb4_4&Prime; _builder_version=\u00a0\u00bb4.16&Prime; _module_preset=\u00a0\u00bbdefault\u00a0\u00bb global_colors_info=\u00a0\u00bb{}\u00a0\u00bb][et_pb_text _builder_version=\u00a0\u00bb4.27.5&Prime; _module_preset=\u00a0\u00bbdefault\u00a0\u00bb global_colors_info=\u00a0\u00bb{}\u00a0\u00bb]<\/p>\n<p><span style=\"font-size: xx-large;\"><strong>Baptiste Herbin<\/strong><\/span><\/p>\n<p>[\/et_pb_text][et_pb_image src=\u00a0\u00bbhttps:\/\/matthieuchazarenc.com\/wp-content\/uploads\/2026\/01\/IMG_1723.jpeg\u00a0\u00bb title_text=\u00a0\u00bbIMG_1723&Prime; _builder_version=\u00a0\u00bb4.16&Prime; _module_preset=\u00a0\u00bbdefault\u00a0\u00bb custom_padding=\u00a0\u00bb|499px||||\u00a0\u00bb global_colors_info=\u00a0\u00bb{}\u00a0\u00bb][\/et_pb_image][et_pb_text _builder_version=\u00a0\u00bb4.16&Prime; _module_preset=\u00a0\u00bbdefault\u00a0\u00bb custom_margin=\u00a0\u00bb2px|||||\u00a0\u00bb custom_padding=\u00a0\u00bb||0px|||\u00a0\u00bb global_colors_info=\u00a0\u00bb{}\u00a0\u00bb]<\/p>\n<div><span><b>Baptiste Herbin: Saxophone<\/b><\/span><\/div>\n<div><span><b>Sylvain Romano : contrebasse<\/b><\/span><\/div>\n<div><span><b><\/b><\/span><\/div>\n<div><span><b><\/b><\/span><\/div>\n<div><span><b><\/b><\/span><\/div>\n<div><span><b><\/b><\/span><\/div>\n<div><span><b><\/b><\/span><\/div>\n<div><span><b>Matthieu Chazarenc : drums\u00a0<span style=\"font-size: x-large;\">\u00a0<\/span><\/b><\/span><\/div>\n<div><span><b><span style=\"font-size: x-large;\"><\/span><\/b><\/span><\/div>\n<div><span><b><span style=\"font-size: x-large;\"><\/span><\/b><\/span><\/div>\n<div><span><b><span style=\"font-size: x-large;\"><\/span><\/b><\/span><\/div>\n<div><span><b><span style=\"font-size: x-large;\"><\/span><\/b><\/span><\/div>\n<div><span><b><span style=\"font-size: x-large;\"><\/span><\/b><\/span><\/div>\n<div><span style=\"font-size: x-large;\"><strong><\/strong><\/span><\/div>\n<div><span style=\"font-size: x-large;\"><strong><\/strong><\/span><\/div>\n<div><span style=\"font-size: x-large;\"><strong><\/strong><\/span><\/div>\n<div><span style=\"font-size: x-large;\"><strong><\/strong><\/span><\/div>\n<div><span style=\"font-size: x-large;\"><strong>\u00a0 \u00a0 <\/strong><\/span><\/div>\n<div><span style=\"font-size: x-large;\"><strong><\/strong><\/span><\/div>\n<div><span style=\"font-size: x-large;\"><strong>(In place of Andr\u00e9 Ceccarelli)\u00a0<\/strong><\/span><\/div>\n<div>\u00a0<\/div>\n<div>\u00a0<\/div>\n<div>\n<p><span>Baptiste Herbin grew up in Eure-et-Loir in an artistic family. He discovered the saxophone while listening to Piccolo et Saxo, but studied classical piano until the age of 11, when he began playing the saxophone.<\/span><\/p>\n<p><span>He studied with Julien Lourau and Jean-Charles Richard, and from 2005, in Riccardo Del Fra\u2019s class at the Paris Conservatory (Conservatoire national sup\u00e9rieur de musique de Paris). At that time, he performed with various musicians from the Paris jazz scene.<\/span><\/p>\n<p><span>He accompanied Charles Aznavour on a tour in 2014.\u00a0<\/span><\/p>\n<p class=\"translation-block\">In 2010, he became an artist-in-residence at the Duc des Lombards, where he met Andr\u00e9 Ceccarelli. Together, they recorded his first album as a bandleader, Brother Stoon, featuring Jean Toussaint (saxophone), Pierre de Bethmann (piano), and Sylvain Romano (bass). The album earned him a nomination at the 2013 Victoires du Jazz in the \u201cR\u00e9v\u00e9lation de l\u2019ann\u00e9e\u201d (Breakthrough Artist of the Year) category.<\/p>\n<p class=\"translation-block\">is albums Interf\u00e9rences (2015), Dreams and Connections (2018), and Vista Chinesa (2020) followed, as did his contributions to recordings by Aldo Romano, Keith Brown, and Essiet Okon Essiet.<\/p>\n<p><span>In 2018, he was awarded the Django Reinhardt Prize by the Acad\u00e9mie du Jazz.<\/span><\/p>\n<p><span>In parallel, he collaborated with Henri Selmer Paris to develop the new \u201cSupreme\u201d saxophone, and with Vandoren on the V16S+ mouthpiece.<\/span><\/p>\n<p><span>Matrisse Productions <br \/>Marie S\u00e9guret <\/span><\/p>\n<\/div>\n<div><\/div>\n<div><strong><\/strong><\/div>\n<div><strong><\/strong><\/div>\n<div><strong><\/strong><\/div>\n<div><strong><\/strong><\/div>\n<div><strong><\/strong><\/div>\n<div><strong><\/strong><\/div>\n<div><strong><\/strong><\/div>\n<p class=\"p9\"><span style=\"color: #ffffff;\"><strong><span class=\"Apple-converted-space\"><\/span><\/strong><\/span><\/p>\n<p>[\/et_pb_text][\/et_pb_column][\/et_pb_row][et_pb_row _builder_version=\u00a0\u00bb4.16&Prime; _module_preset=\u00a0\u00bbdefault\u00a0\u00bb min_height=\u00a0\u00bb44px\u00a0\u00bb custom_padding=\u00a0\u00bb5px||0px|7px||\u00a0\u00bb global_colors_info=\u00a0\u00bb{}\u00a0\u00bb][et_pb_column type=\u00a0\u00bb4_4&Prime; _builder_version=\u00a0\u00bb4.16&Prime; _module_preset=\u00a0\u00bbdefault\u00a0\u00bb global_colors_info=\u00a0\u00bb{}\u00a0\u00bb][et_pb_video src=\u00a0\u00bbhttps:\/\/www.youtube.com\/watch?v=RF05C6Xqucs\u00a0\u00bb _builder_version=\u00a0\u00bb4.27.5&Prime; _module_preset=\u00a0\u00bbdefault\u00a0\u00bb hover_enabled=\u00a0\u00bb0&Prime; sticky_enabled=\u00a0\u00bb0&Prime;][\/et_pb_video][\/et_pb_column][\/et_pb_row][\/et_pb_section][et_pb_section fb_built=\u00a0\u00bb1&Prime; _builder_version=\u00a0\u00bb4.16&Prime; _module_preset=\u00a0\u00bbdefault\u00a0\u00bb background_color=\u00a0\u00bb#000000&Prime; custom_padding=\u00a0\u00bb||0px|||\u00a0\u00bb global_colors_info=\u00a0\u00bb{}\u00a0\u00bb][\/et_pb_section]<\/p>","protected":false},"excerpt":{"rendered":"<p>Baptiste HerbinBaptiste Herbin: Saxophone Sylvain Romano : contrebasse Matthieu Chazarenc : batterie\u00a0\u00a0 \u00a0 \u00a0 (En remplacement de Andr\u00e9 Ceccarelli)\u00a0 \u00a0 \u00a0 Baptiste Herbin a grandi en\u00a0Eure-et-Loir dans une famille d&rsquo;artistes. Il d\u00e9couvre le saxophone en \u00e9coutant\u00a0Piccolo et Saxo, mais suit des cours de piano classique jusq&rsquo;\u00e0 l&rsquo;\u00e2ge de 11 ans, o\u00f9 il commence le saxophone. [&hellip;]<\/p>","protected":false},"author":1,"featured_media":0,"parent":0,"menu_order":0,"comment_status":"closed","ping_status":"closed","template":"","meta":{"_et_pb_use_builder":"on","_et_pb_old_content":"","_et_gb_content_width":"","footnotes":""},"class_list":["post-2196","page","type-page","status-publish","hentry"],"jetpack_sharing_enabled":true,"_links":{"self":[{"href":"https:\/\/matthieuchazarenc.com\/en\/wp-json\/wp\/v2\/pages\/2196","targetHints":{"allow":["GET"]}}],"collection":[{"href":"https:\/\/matthieuchazarenc.com\/en\/wp-json\/wp\/v2\/pages"}],"about":[{"href":"https:\/\/matthieuchazarenc.com\/en\/wp-json\/wp\/v2\/types\/page"}],"author":[{"embeddable":true,"href":"https:\/\/matthieuchazarenc.com\/en\/wp-json\/wp\/v2\/users\/1"}],"replies":[{"embeddable":true,"href":"https:\/\/matthieuchazarenc.com\/en\/wp-json\/wp\/v2\/comments?post=2196"}],"version-history":[{"count":11,"href":"https:\/\/matthieuchazarenc.com\/en\/wp-json\/wp\/v2\/pages\/2196\/revisions"}],"predecessor-version":[{"id":2394,"href":"https:\/\/matthieuchazarenc.com\/en\/wp-json\/wp\/v2\/pages\/2196\/revisions\/2394"}],"wp:attachment":[{"href":"https:\/\/matthieuchazarenc.com\/en\/wp-json\/wp\/v2\/media?parent=2196"}],"curies":[{"name":"wp","href":"https:\/\/api.w.org\/{rel}","templated":true}]}}