{"id":2103,"date":"2026-01-16T18:18:25","date_gmt":"2026-01-16T17:18:25","guid":{"rendered":"https:\/\/matthieuchazarenc.com\/?page_id=2103"},"modified":"2026-01-30T01:19:16","modified_gmt":"2026-01-30T00:19:16","slug":"echoes","status":"publish","type":"page","link":"https:\/\/matthieuchazarenc.com\/en\/echoes\/","title":{"rendered":"ECHOES"},"content":{"rendered":"<p>[et_pb_section fb_built=\u00a0\u00bb1&Prime; admin_label=\u00a0\u00bbsection\u00a0\u00bb module_id=\u00a0\u00bbaboutme\u00a0\u00bb _builder_version=\u00a0\u00bb4.16&Prime; background_color=\u00a0\u00bb#000000&Prime; custom_padding=\u00a0\u00bb0px|0px|0px|0px\u00a0\u00bb transparent_background=\u00a0\u00bboff\u00a0\u00bb make_fullwidth=\u00a0\u00bboff\u00a0\u00bb use_custom_width=\u00a0\u00bboff\u00a0\u00bb width_unit=\u00a0\u00bboff\u00a0\u00bb custom_width_px=\u00a0\u00bb1080px\u00a0\u00bb custom_width_percent=\u00a0\u00bb80%\u00a0\u00bb global_colors_info=\u00a0\u00bb{}\u00a0\u00bb][et_pb_row _builder_version=\u00a0\u00bb4.16&Prime; _module_preset=\u00a0\u00bbdefault\u00a0\u00bb custom_padding=\u00a0\u00bb59px||0px|7px||\u00a0\u00bb global_colors_info=\u00a0\u00bb{}\u00a0\u00bb][et_pb_column type=\u00a0\u00bb4_4&Prime; _builder_version=\u00a0\u00bb4.16&Prime; _module_preset=\u00a0\u00bbdefault\u00a0\u00bb global_colors_info=\u00a0\u00bb{}\u00a0\u00bb][et_pb_text _builder_version=\u00a0\u00bb4.16&Prime; _module_preset=\u00a0\u00bbdefault\u00a0\u00bb custom_margin=\u00a0\u00bb2px||-50px|||\u00a0\u00bb custom_padding=\u00a0\u00bb||0px|||\u00a0\u00bb global_colors_info=\u00a0\u00bb{}\u00a0\u00bb]<\/p>\n<p class=\"p9\"><strong style=\"font-size: xx-large;\">ECHOES OF FLAMINGO<\/strong><\/p>\n<p class=\"p9\"><em>\u00ab\u00a0From Michel Petrucciani to St\u00e9phane Grappelli\u00a0\u00bb<\/em><\/p>\n<p>&nbsp;<\/p>\n<p>[\/et_pb_text][\/et_pb_column][\/et_pb_row][et_pb_row _builder_version=\u00a0\u00bb4.16&Prime; _module_preset=\u00a0\u00bbdefault\u00a0\u00bb custom_padding=\u00a0\u00bb28px|||||\u00a0\u00bb global_colors_info=\u00a0\u00bb{}\u00a0\u00bb][et_pb_column type=\u00a0\u00bb4_4&Prime; _builder_version=\u00a0\u00bb4.16&Prime; _module_preset=\u00a0\u00bbdefault\u00a0\u00bb global_colors_info=\u00a0\u00bb{}\u00a0\u00bb][et_pb_image src=\u00a0\u00bbhttps:\/\/matthieuchazarenc.com\/wp-content\/uploads\/2026\/01\/\u00a9-Arnaud-Diemer-11515.jpg\u00a0\u00bb _builder_version=\u00a0\u00bb4.27.5&Prime; _module_preset=\u00a0\u00bbdefault\u00a0\u00bb global_colors_info=\u00a0\u00bb{}\u00a0\u00bb][\/et_pb_image][\/et_pb_column][\/et_pb_row][et_pb_row _builder_version=\u00a0\u00bb4.16&Prime; _module_preset=\u00a0\u00bbdefault\u00a0\u00bb custom_padding=\u00a0\u00bb5px||0px|7px||\u00a0\u00bb global_colors_info=\u00a0\u00bb{}\u00a0\u00bb][et_pb_column type=\u00a0\u00bb4_4&Prime; _builder_version=\u00a0\u00bb4.16&Prime; _module_preset=\u00a0\u00bbdefault\u00a0\u00bb global_colors_info=\u00a0\u00bb{}\u00a0\u00bb][et_pb_text _builder_version=\u00a0\u00bb4.16&Prime; _module_preset=\u00a0\u00bbdefault\u00a0\u00bb custom_margin=\u00a0\u00bb2px|||||\u00a0\u00bb custom_padding=\u00a0\u00bb||0px|||\u00a0\u00bb global_colors_info=\u00a0\u00bb{}\u00a0\u00bb]<\/p>\n<p class=\"p1\" style=\"text-align: left;\"><b style=\"font-size: 14px;\">Mathias L\u00e9vy : violin<\/b><\/p>\n<p class=\"p1\" style=\"text-align: left;\"><b style=\"font-size: 14px;\">Laurent Coulondre : piano<\/b><\/p>\n<p class=\"p1\" style=\"text-align: left;\"><b style=\"font-size: 14px;\">J\u00e9r\u00e9my Bruy\u00e8re : contrebasse<\/b><\/p>\n<p class=\"p1\" style=\"text-align: left;\"><b style=\"font-size: 14px;\">Matthieu Chazarenc : drums<\/b><\/p>\n<div><b style=\"font-size: 14px;\"><\/b><\/div>\n<div><b style=\"font-size: 14px;\"><\/b><\/div>\n<div><b style=\"font-size: 14px;\"><\/b><\/div>\n<div><b style=\"font-size: 14px;\"><\/b><\/div>\n<div><b style=\"font-size: 14px;\"><\/b><\/div>\n<div><b><\/b><\/div>\n<div><b><\/b><\/div>\n<div><b><\/b><\/div>\n<div><b><\/b><\/div>\n<div><b><\/b><\/div>\n<div><b><\/b><\/div>\n<div><b><\/b><\/div>\n<div><b><\/b><\/div>\n<p class=\"p3\">\u00a0<span style=\"color: #ffffff;\"><strong><\/strong><\/span><\/p>\n<p class=\"p3\">\n<p class=\"p3\">\n<div><strong>1996! Michel Petrucciani and St\u00e9phane Grappelli reunite in the studio!<\/strong><\/div>\n<div><strong>Flamingo comes to life: a radiant opus, infused with swing and vitality.<\/strong><\/div>\n<div><\/div>\n<div><strong>Thirty years later, four essential artistic personalities of<\/strong><\/div>\n<div><strong>the French jazz scene decide to come together to celebrate with passion<\/strong><\/div>\n<div><strong>and sincerity this legendary album.<\/strong><\/div>\n<div><strong>Bolstered by their artistic and personal rapport, Mathias L\u00e9vy, Laurent<\/strong><\/div>\n<div><strong>Coulondre, J\u00e9r\u00e9my Bruy\u00e8re, and Matthieu Chazarenc revisit this<\/strong><\/div>\n<div><strong>repertoire in their own way, delivering a truly exhilarating concert!<\/strong><\/div>\n<div><strong>A brand-new lineup for a unique ensemble!<\/strong><\/div>\n<div><\/div>\n<div><strong><i>Scheduled release: late 2026<\/i><\/strong><\/div>\n<div><strong>\u00a0<\/strong><\/div>\n<div><strong>Cr\u00e9dit Photo : Julien Bellier pour Yamaha Music Europe<\/strong><\/div>\n<div><\/div>\n<div><\/div>\n<p class=\"p10\">\n<p>[\/et_pb_text][\/et_pb_column][\/et_pb_row][\/et_pb_section][et_pb_section fb_built=\u00a0\u00bb1&Prime; _builder_version=\u00a0\u00bb4.16&Prime; _module_preset=\u00a0\u00bbdefault\u00a0\u00bb background_color=\u00a0\u00bb#000000&Prime; custom_padding=\u00a0\u00bb||0px|||\u00a0\u00bb global_colors_info=\u00a0\u00bb{}\u00a0\u00bb][et_pb_row _builder_version=\u00a0\u00bb4.27.5&Prime; _module_preset=\u00a0\u00bbdefault\u00a0\u00bb][et_pb_column _builder_version=\u00a0\u00bb4.27.5&Prime; _module_preset=\u00a0\u00bbdefault\u00a0\u00bb type=\u00a0\u00bb4_4&Prime;][et_pb_video src=\u00a0\u00bbhttps:\/\/www.youtube.com\/watch?v=dQnoFOX8jhU\u00a0\u00bb _builder_version=\u00a0\u00bb4.27.5&Prime; _module_preset=\u00a0\u00bbdefault\u00a0\u00bb hover_enabled=\u00a0\u00bb0&Prime; sticky_enabled=\u00a0\u00bb0&Prime;][\/et_pb_video][\/et_pb_column][\/et_pb_row][\/et_pb_section]<\/p>","protected":false},"excerpt":{"rendered":"<p>ECHOES OF FLAMINGO \u00ab\u00a0From Michel Petrucciani to St\u00e9phane Grappelli\u00a0\u00bb &nbsp;Mathias L\u00e9vy : violon Laurent Coulondre : piano J\u00e9r\u00e9my Bruy\u00e8re : contrebasse Matthieu Chazarenc : batterie \u00a0 1996 ! Michel Petrucciani et St\u00e9phane Grappelli se retrouvent en studio ! Flamingo voit le jour : un opus lumineux, p\u00e9tris de swing et de vitalit\u00e9. Trente ans plus [&hellip;]<\/p>","protected":false},"author":1,"featured_media":0,"parent":0,"menu_order":0,"comment_status":"closed","ping_status":"closed","template":"","meta":{"_et_pb_use_builder":"on","_et_pb_old_content":"","_et_gb_content_width":"","footnotes":""},"class_list":["post-2103","page","type-page","status-publish","hentry"],"jetpack_sharing_enabled":true,"_links":{"self":[{"href":"https:\/\/matthieuchazarenc.com\/en\/wp-json\/wp\/v2\/pages\/2103","targetHints":{"allow":["GET"]}}],"collection":[{"href":"https:\/\/matthieuchazarenc.com\/en\/wp-json\/wp\/v2\/pages"}],"about":[{"href":"https:\/\/matthieuchazarenc.com\/en\/wp-json\/wp\/v2\/types\/page"}],"author":[{"embeddable":true,"href":"https:\/\/matthieuchazarenc.com\/en\/wp-json\/wp\/v2\/users\/1"}],"replies":[{"embeddable":true,"href":"https:\/\/matthieuchazarenc.com\/en\/wp-json\/wp\/v2\/comments?post=2103"}],"version-history":[{"count":11,"href":"https:\/\/matthieuchazarenc.com\/en\/wp-json\/wp\/v2\/pages\/2103\/revisions"}],"predecessor-version":[{"id":2390,"href":"https:\/\/matthieuchazarenc.com\/en\/wp-json\/wp\/v2\/pages\/2103\/revisions\/2390"}],"wp:attachment":[{"href":"https:\/\/matthieuchazarenc.com\/en\/wp-json\/wp\/v2\/media?parent=2103"}],"curies":[{"name":"wp","href":"https:\/\/api.w.org\/{rel}","templated":true}]}}