{"id":1469,"date":"2023-12-10T10:11:18","date_gmt":"2023-12-10T09:11:18","guid":{"rendered":"https:\/\/matthieuchazarenc.com\/?page_id=1469"},"modified":"2026-01-20T13:40:39","modified_gmt":"2026-01-20T12:40:39","slug":"canto1","status":"publish","type":"page","link":"https:\/\/matthieuchazarenc.com\/en\/canto1\/","title":{"rendered":"CANTO"},"content":{"rendered":"<p>[et_pb_section fb_built=\u00a0\u00bb1&Prime; admin_label=\u00a0\u00bbsection\u00a0\u00bb module_id=\u00a0\u00bbaboutme\u00a0\u00bb _builder_version=\u00a0\u00bb4.16&Prime; background_color=\u00a0\u00bb#000000&Prime; custom_padding=\u00a0\u00bb0px|0px|0px|0px\u00a0\u00bb transparent_background=\u00a0\u00bboff\u00a0\u00bb make_fullwidth=\u00a0\u00bboff\u00a0\u00bb use_custom_width=\u00a0\u00bboff\u00a0\u00bb width_unit=\u00a0\u00bboff\u00a0\u00bb custom_width_px=\u00a0\u00bb1080px\u00a0\u00bb custom_width_percent=\u00a0\u00bb80%\u00a0\u00bb global_colors_info=\u00a0\u00bb{}\u00a0\u00bb][et_pb_row _builder_version=\u00a0\u00bb4.16&Prime; _module_preset=\u00a0\u00bbdefault\u00a0\u00bb custom_padding=\u00a0\u00bb59px||0px|7px||\u00a0\u00bb global_colors_info=\u00a0\u00bb{}\u00a0\u00bb][et_pb_column type=\u00a0\u00bb4_4&Prime; _builder_version=\u00a0\u00bb4.16&Prime; _module_preset=\u00a0\u00bbdefault\u00a0\u00bb global_colors_info=\u00a0\u00bb{}\u00a0\u00bb][et_pb_text _builder_version=\u00a0\u00bb4.16&Prime; _module_preset=\u00a0\u00bbdefault\u00a0\u00bb custom_margin=\u00a0\u00bb2px||-50px|||\u00a0\u00bb custom_padding=\u00a0\u00bb||0px|||\u00a0\u00bb global_colors_info=\u00a0\u00bb{}\u00a0\u00bb]<\/p>\n<p class=\"p9\"><strong style=\"font-size: xx-large;\">CANTO<\/strong><\/p>\n<p>&nbsp;<\/p>\n<p>[\/et_pb_text][\/et_pb_column][\/et_pb_row][et_pb_row _builder_version=\u00a0\u00bb4.16&Prime; _module_preset=\u00a0\u00bbdefault\u00a0\u00bb custom_padding=\u00a0\u00bb28px|||||\u00a0\u00bb global_colors_info=\u00a0\u00bb{}\u00a0\u00bb][et_pb_column type=\u00a0\u00bb4_4&Prime; _builder_version=\u00a0\u00bb4.16&Prime; _module_preset=\u00a0\u00bbdefault\u00a0\u00bb global_colors_info=\u00a0\u00bb{}\u00a0\u00bb][et_pb_image src=\u00a0\u00bbhttps:\/\/matthieuchazarenc.com\/wp-content\/uploads\/2026\/01\/JBM9987-\u00a9Jean-Baptiste-Millot.jpeg\u00a0\u00bb title_text=\u00a0\u00bb_JBM9987 \u00a9Jean-Baptiste Millot\u00a0\u00bb _builder_version=\u00a0\u00bb4.16&Prime; _module_preset=\u00a0\u00bbdefault\u00a0\u00bb global_colors_info=\u00a0\u00bb{}\u00a0\u00bb][\/et_pb_image][\/et_pb_column][\/et_pb_row][et_pb_row _builder_version=\u00a0\u00bb4.16&Prime; _module_preset=\u00a0\u00bbdefault\u00a0\u00bb custom_padding=\u00a0\u00bb5px||0px|7px||\u00a0\u00bb global_colors_info=\u00a0\u00bb{}\u00a0\u00bb][et_pb_column type=\u00a0\u00bb4_4&Prime; _builder_version=\u00a0\u00bb4.16&Prime; _module_preset=\u00a0\u00bbdefault\u00a0\u00bb global_colors_info=\u00a0\u00bb{}\u00a0\u00bb][et_pb_text _builder_version=\u00a0\u00bb4.16&Prime; _module_preset=\u00a0\u00bbdefault\u00a0\u00bb custom_margin=\u00a0\u00bb2px|||||\u00a0\u00bb custom_padding=\u00a0\u00bb||0px|||\u00a0\u00bb global_colors_info=\u00a0\u00bb{}\u00a0\u00bb]<\/p>\n<p class=\"p1\"><span style=\"color: #ffffff;\"><strong>Matthieu Chazarenc :\u00a0<\/strong><strong>Drums and composition<\/strong><\/span><\/p>\n<p class=\"p1\"><span style=\"color: #ffffff;\"><strong>Sylvain Gontard : Bugle<\/strong><\/span><\/p>\n<p class=\"p1\"><span style=\"color: #ffffff;\"><strong>Christophe Wallemme : Contrebasse<\/strong><\/span><\/p>\n<p class=\"p1\"><span style=\"color: #ffffff;\"><strong>Laurent Derache : Accord\u00e9on<\/strong><\/span><\/p>\n<p class=\"p3\"><span style=\"color: #ffffff;\"><strong><\/strong><\/span><\/p>\n<p class=\"p8\"><strong style=\"font-size: 14px;\">But why did Matthieu Chazarenc \u2014 a refined drummer, a devoted sideman dedicated to other people\u2019s music \u2014 decide at the age of 40 to step into the spotlight by releasing his first album under his own name? A need for recognition? A late surge of ego? Certainly not. Simply the irresistible urge, in the fullness of maturity, to turn his emotions into music on the page.<\/strong><\/p>\n<p class=\"p9\"><strong style=\"font-size: 14px;\">Matthieu Chazarenc finally dares to affirm, through his three compelling albums, his desire to embark on a personal quest that faithfully reflects his emotions of the moment. For this journey, he chose a unique ensemble featuring Christophe Wallemme,<span class=\"Apple-converted-space\">\u00a0 <\/span>a great master of fundamental elegance on the double bass; Sylvain Gontard, a refined stylist on the flugelhorn; and the young Laurent Derache on accordion, who brings \u2014 freely and lyrically \u2014 a new breath of life to the \u201cshiver box.\u201d<\/strong><\/p>\n<p class=\"p10\"><span style=\"color: #ffffff;\"><strong><span class=\"Apple-converted-space\">\u00a0<\/span><\/strong><\/span><strong style=\"font-size: 14px;\">While leaving his three fellow adventurers completely free to join the interplay as they see fit, the Gascon drummer crafts captivating melodies, fully embracing his role as the leader of the proceedings. With sticks, cymbals, and drums, he clearly takes pleasure in sharing a collective sound \u2014 a true band sound.\n\nWith elegance and sincerity, Matthieu and his companions offer both a present and a future to this music in three time, which waltzes gracefully past the constraints of labels.<span class=\"Apple-converted-space\">\u00a0<\/span><\/strong><\/p>\n<p class=\"p9\"><span style=\"color: #ffffff;\"><strong>We love the way, throughout the tracks of these albums, a cloud of gentle melancholy lingers \u2014 that subtle nostalgia stirred by the tender ache caused by the closeness of distant memories.\n\nAll those more or less blurred impressions that this music awakens within us have a name: charm.<span class=\"Apple-converted-space\">\u00a0<\/span><\/strong><\/span><\/p>\n<p class=\"p9\"><strong>Credits photo : Jean-Baptiste Millot<\/strong><span style=\"color: #ffffff;\"><strong><span class=\"Apple-converted-space\"><\/span><\/strong><\/span><\/p>\n<p class=\"p9\"><span style=\"color: #ffffff;\"><strong><span class=\"Apple-converted-space\"><\/span><\/strong><\/span><\/p>\n<p>[\/et_pb_text][\/et_pb_column][\/et_pb_row][\/et_pb_section][et_pb_section fb_built=\u00a0\u00bb1&Prime; _builder_version=\u00a0\u00bb4.16&Prime; _module_preset=\u00a0\u00bbdefault\u00a0\u00bb background_color=\u00a0\u00bb#000000&Prime; custom_padding=\u00a0\u00bb||0px|||\u00a0\u00bb global_colors_info=\u00a0\u00bb{}\u00a0\u00bb][et_pb_row _builder_version=\u00a0\u00bb4.16&Prime; _module_preset=\u00a0\u00bbdefault\u00a0\u00bb min_height=\u00a0\u00bb424px\u00a0\u00bb global_colors_info=\u00a0\u00bb{}\u00a0\u00bb][et_pb_column type=\u00a0\u00bb4_4&Prime; _builder_version=\u00a0\u00bb4.16&Prime; _module_preset=\u00a0\u00bbdefault\u00a0\u00bb global_colors_info=\u00a0\u00bb{}\u00a0\u00bb][et_pb_video src=\u00a0\u00bbhttps:\/\/www.youtube.com\/watch?v=ILkSNM23qpM&#038;list=RDILkSNM23qpM&#038;start_radio=1&Prime; src_webm=\u00a0\u00bbhttps:\/\/www.youtube.com\/watch?v=ILkSNM23qpM&#038;list=RDILkSNM23qpM&#038;start_radio=1&Prime; _builder_version=\u00a0\u00bb4.16&Prime; _module_preset=\u00a0\u00bbdefault\u00a0\u00bb global_colors_info=\u00a0\u00bb{}\u00a0\u00bb][\/et_pb_video][\/et_pb_column][\/et_pb_row][\/et_pb_section]<\/p>","protected":false},"excerpt":{"rendered":"<p>CANTO &nbsp;Matthieu Chazarenc :\u00a0Batterie-Compositions Sylvain Gontard : Bugle Christophe Wallemme : Contrebasse Laurent Derache : Accord\u00e9on Mais pourquoi donc Matthieu Chazarenc, batteur raffin\u00e9, \u201csideman\u201d tout d\u00e9vou\u00e9 \u00e0 la musique des autres, s\u2019est-il d\u00e9cid\u00e9 \u00e0 40 ans \u00e0 se mettre en avant en publiant un premier disque sous son nom\u00a0? Besoin de reconnaissance\u00a0? Pouss\u00e9e d\u2019\u00e9gotisme tardive\u00a0? [&hellip;]<\/p>","protected":false},"author":1,"featured_media":0,"parent":0,"menu_order":0,"comment_status":"closed","ping_status":"closed","template":"","meta":{"_et_pb_use_builder":"on","_et_pb_old_content":"","_et_gb_content_width":"","footnotes":""},"class_list":["post-1469","page","type-page","status-publish","hentry"],"jetpack_sharing_enabled":true,"_links":{"self":[{"href":"https:\/\/matthieuchazarenc.com\/en\/wp-json\/wp\/v2\/pages\/1469","targetHints":{"allow":["GET"]}}],"collection":[{"href":"https:\/\/matthieuchazarenc.com\/en\/wp-json\/wp\/v2\/pages"}],"about":[{"href":"https:\/\/matthieuchazarenc.com\/en\/wp-json\/wp\/v2\/types\/page"}],"author":[{"embeddable":true,"href":"https:\/\/matthieuchazarenc.com\/en\/wp-json\/wp\/v2\/users\/1"}],"replies":[{"embeddable":true,"href":"https:\/\/matthieuchazarenc.com\/en\/wp-json\/wp\/v2\/comments?post=1469"}],"version-history":[{"count":39,"href":"https:\/\/matthieuchazarenc.com\/en\/wp-json\/wp\/v2\/pages\/1469\/revisions"}],"predecessor-version":[{"id":2335,"href":"https:\/\/matthieuchazarenc.com\/en\/wp-json\/wp\/v2\/pages\/1469\/revisions\/2335"}],"wp:attachment":[{"href":"https:\/\/matthieuchazarenc.com\/en\/wp-json\/wp\/v2\/media?parent=1469"}],"curies":[{"name":"wp","href":"https:\/\/api.w.org\/{rel}","templated":true}]}}