{"id":1203,"date":"2023-11-24T18:12:59","date_gmt":"2023-11-24T17:12:59","guid":{"rendered":"https:\/\/matthieuchazarenc.com\/?page_id=1203"},"modified":"2026-01-19T16:06:59","modified_gmt":"2026-01-19T15:06:59","slug":"bio","status":"publish","type":"page","link":"https:\/\/matthieuchazarenc.com\/en\/bio\/","title":{"rendered":"BIO"},"content":{"rendered":"<p>[et_pb_section fb_built=\u00a0\u00bb1&Prime; admin_label=\u00a0\u00bbsection\u00a0\u00bb module_id=\u00a0\u00bbaboutme\u00a0\u00bb _builder_version=\u00a0\u00bb4.16&Prime; background_color=\u00a0\u00bb#000000&Prime; custom_padding=\u00a0\u00bb0px|0px|0px|0px\u00a0\u00bb transparent_background=\u00a0\u00bboff\u00a0\u00bb make_fullwidth=\u00a0\u00bboff\u00a0\u00bb use_custom_width=\u00a0\u00bboff\u00a0\u00bb width_unit=\u00a0\u00bboff\u00a0\u00bb custom_width_px=\u00a0\u00bb1080px\u00a0\u00bb custom_width_percent=\u00a0\u00bb80%\u00a0\u00bb global_colors_info=\u00a0\u00bb{}\u00a0\u00bb][\/et_pb_section][et_pb_section fb_built=\u00a0\u00bb1&Prime; specialty=\u00a0\u00bbon\u00a0\u00bb padding_left_2=\u00a0\u00bb0px\u00a0\u00bb padding_top_bottom_link_2=\u00a0\u00bbfalse\u00a0\u00bb padding_left_right_link_2=\u00a0\u00bbfalse\u00a0\u00bb _builder_version=\u00a0\u00bb4.16&Prime; _module_preset=\u00a0\u00bbdefault\u00a0\u00bb background_color=\u00a0\u00bb#000000&Prime; global_colors_info=\u00a0\u00bb{}\u00a0\u00bb][et_pb_column type=\u00a0\u00bb1_4&Prime; _builder_version=\u00a0\u00bb4.16&Prime; custom_padding=\u00a0\u00bb|||\u00a0\u00bb global_colors_info=\u00a0\u00bb{}\u00a0\u00bb custom_padding__hover=\u00a0\u00bb|||\u00a0\u00bb][et_pb_image src=\u00a0\u00bbhttps:\/\/matthieuchazarenc.com\/wp-content\/uploads\/2026\/01\/Selection-Matthieu-HD-3.jpeg\u00a0\u00bb title_text=\u00a0\u00bbSelection Matthieu &#8211; HD &#8211; 3&Prime; _builder_version=\u00a0\u00bb4.16&Prime; _module_preset=\u00a0\u00bbdefault\u00a0\u00bb transform_scale=\u00a0\u00bb149%|149%\u00a0\u00bb width=\u00a0\u00bb93.3%\u00a0\u00bb min_height=\u00a0\u00bb248.1px\u00a0\u00bb custom_margin=\u00a0\u00bb||-24px|||\u00a0\u00bb custom_padding=\u00a0\u00bb0px|0px|0px|0px||\u00a0\u00bb global_colors_info=\u00a0\u00bb{}\u00a0\u00bb][\/et_pb_image][\/et_pb_column][et_pb_column type=\u00a0\u00bb3_4&Prime; specialty_columns=\u00a0\u00bb3&Prime; _builder_version=\u00a0\u00bb4.16&Prime; custom_padding=\u00a0\u00bb|||\u00a0\u00bb global_colors_info=\u00a0\u00bb{}\u00a0\u00bb custom_padding__hover=\u00a0\u00bb|||\u00a0\u00bb][et_pb_row_inner _builder_version=\u00a0\u00bb4.16&Prime; _module_preset=\u00a0\u00bbdefault\u00a0\u00bb global_colors_info=\u00a0\u00bb{}\u00a0\u00bb][et_pb_column_inner saved_specialty_column_type=\u00a0\u00bb3_4&Prime; _builder_version=\u00a0\u00bb4.16&Prime; _module_preset=\u00a0\u00bbdefault\u00a0\u00bb global_colors_info=\u00a0\u00bb{}\u00a0\u00bb][et_pb_text _builder_version=\u00a0\u00bb4.16&Prime; _module_preset=\u00a0\u00bbdefault\u00a0\u00bb min_height=\u00a0\u00bb405.8px\u00a0\u00bb global_colors_info=\u00a0\u00bb{}\u00a0\u00bb]<\/p>\n<p class=\"p1\"><span style=\"color: #ffffff; font-size: 14px;\">Born in 1977 in Agen in the South-West of France, Matthieu took his first drum lessons at the age of 6 accompanied by his father, a former amateur drummer and jazz enthusiast.<\/span><\/p>\n<p class=\"p1\"><span style=\"color: #ffffff;\"><\/span><\/p>\n<p class=\"p1\"><span style=\"color: #ffffff;\">After spending 5 years at the Pau Conservatory (learning Classical Percussion in Patrick Guise's class), in 1996 he joined the team at the CMCN (Centre Musical et Cr\u00e9atif de Nancy), thus refocusing on the drums alongside others. others by Richard Paul Morellini, Franck Agulhon and Andr\u00e9 Charlier.<\/span><\/p>\n<p class=\"p1\"><span style=\"color: #ffffff;\">He completes the course as Major of his Promotion.<\/span><\/p>\n<p class=\"p1\"><span style=\"color: #ffffff;\">In the summer of 1997, following decisive meetings during the course of Jazz in Marciac (Oscar Peterson, Elvin Jones) he decided to go to New York for a few months.<\/span><\/p>\n<p class=\"p1\"><span style=\"color: #ffffff;\">There he met musicians such as John Riley, Kenny Washington, etc..<\/span><\/p>\n<p class=\"p1\"><span style=\"color: #ffffff;\">During the three years that followed, enrolled at the Conservatoire National de Toulouse, already professional, Matthieu played in various groups (Big bands, \u201cball\u201d variety orchestras).<\/span><\/p>\n<p class=\"p1\"><span style=\"color: #ffffff;\">He finished his studies in Toulouse with a First Prize in drums (unanimously) and the State Diploma in Jazz.<\/span><\/p>\n<p class=\"p1\"><span style=\"color: #ffffff;\">In September 2000, Matthieu finally left the South West of France and entered the Jazz and Improvised Music Department of the Conservatoire National Sup\u00e9rieur de Musique et de Danse de Paris, studying drums for 3 years alongside Daniel Humair.<\/span><\/p>\n<p class=\"p1\"><span style=\"color: #ffffff;\">In June 2003, he won the First Prize (with congratulations).<\/span><\/p>\n<p class=\"p1\"><span style=\"color: #ffffff;\">After a few months spent again in New York in 2005 (private lessons with Jeff Ballard, Ari Hoenig), he made the definitive choice to reside in Paris.<\/span><\/p>\n<p class=\"p1\"><span style=\"color: #ffffff;\">Performing regularly at festivals and jazz clubs in France, but also abroad (Japan, South America, Australia, Canada etc.), Matthieu Chazarenc has collaborated with:<\/span><\/p>\n<p class=\"p1\"><span style=\"color: #ffffff;\">David Linx, Laika Fatien, Nathalie Dessay, Laurent Naouri, Youn Sun Nah, Sarah Lazarus, Stephy Haik, M\u00e9lanie Dahan, Marcia Maria, Sheila Jordan, Paolo Fresu, Mederic Collignon, Flavio Boltro, Dave Douglas, Nicolas Folmer, Eric Lelann, Ivan Julien, Ibrahim Malouf, Bert Joris, Manuel Rocheman, Franck Amsallem, Giovanni Mirabassi, Antoine Herv\u00e9, Tigran Hamasyan, Bernard Maury, Dominique Fillon, Georges Arvanitas, Antonio Farao, Benny Lackner, Alfio Origlio, Kris Goessens, Pierre De Bethman, Robert Glasper, Frank Avitabile, Harmen Fraanje, Guillaume De Chassy, Frank Woeste, Emmanuel Bex, Jeff Gardner, Thomas Enhco, Alain Jean Marie, Olivier Hutman, Thierry Eliez, Pierre Alain Goualch, Mark Turner, Steve Lacy, Rosario Giuliani, Pierrick Pedron, Olivier T\u00e9mime, St\u00e9phane Guillaume, Eric Seva, David El Malek, Riccardo Del Fra, Dominique Di Piazza, Hein Van De Geyn, Michel B\u00e9nita, Jean Marc Jafet, Fr\u00e9d\u00e9ric Monino, Christophe Walemme, Nelson Veras, Fr\u00e9d\u00e9ric Favarel, Louis Winsberg, Sylvain Luc, Khalil Chahine, Kazumi Watanabe, Jean Marie Ecay, Pierre Perchaud, J\u00e9rome Barde, Marc Berthoumieu, Didier Ithurssary, Vincent Peirani, Glenn Ferris, Denis Leloup, Olivier Ker Ourio, Greg Szlapczynski, David Patrois, Frank Tortillier, Magic Malik \u2026<\/span><\/p>\n<p class=\"p1\"><span style=\"color: #ffffff;\">Versatile drummer, also \u201cin love\u201d with \u201cFrench song\u201d, Matthieu Chazarenc went on tour in 2013 and 2014, with singer Olivia Ruiz.<\/span><\/p>\n<p class=\"p1\"><span style=\"color: #ffffff;\">In November 2017, Charles Aznavour\u2019s conductor called on him for a concert at the AccorHotels Arena in Bercy, followed by a whole series of concerts in France and abroad, up until the singer\u2019s passing.<\/span><\/p>\n<p class=\"p1 translation-block\">In February 2018, Matthieu Chazarenc released his first album as a bandleader and composer, \u201cCANTO,\u201d published by the Jazz Family label.<\/p>\n<p class=\"p1\"><span style=\"color: #ffffff;\">March 2021, CANTO II \u201cCan\u00e7on\u201d<span class=\"Apple-converted-space\">\u00a0 <\/span>released on the label <em><a href=\"https:\/\/www.cristalrecords.com\/artiste\/matthieu-chazarenc\/\" style=\"color: #ffffff;\"><span class=\"s1\"><span style=\"text-decoration: underline;\">Cristal Records<\/span><\/span><\/a><\/em>.<\/span><\/p>\n<p class=\"p1\"><span style=\"color: #ffffff;\">27 janvier 2024 CANTO III comes out with <a href=\"https:\/\/www.bonsaimusic.fr\/\" style=\"color: #ffffff;\"><span style=\"text-decoration: underline;\"><em>Bonsa\u00ef Music<\/em><\/span>.<\/a><\/span><\/p>\n<p class=\"p1\"><span style=\"color: #ffffff;\">Matthieu Chazarenc is an artist <span style=\"text-decoration: underline;\"><em><a href=\"https:\/\/fr.yamaha.com\/fr\/artists\/c\/chazarenc%20Matthieu.html\" style=\"color: #ffffff; text-decoration: underline;\"><span class=\"s1\">YAMAHA<\/span><\/a><\/em><\/span>.<\/span><\/p>\n<p class=\"p1\"><span style=\"color: #ffffff;\">Matthieu Chazarenc is a regular speaker at <span style=\"text-decoration: underline;\"><a href=\"https:\/\/cmdl.eu\/\" style=\"color: #ffffff; text-decoration: underline;\"><span class=\"s1\">Centre des Musiques Didier Lockwood (CMDL)<\/span><\/a><\/span>.\u00a0<\/span><\/p>\n<p class=\"p1\"><span style=\"color: #ffffff;\"><span>Cr\u00e9dit photo : Julien Bellier\u00a0<\/span><\/span><\/p>\n<p>[\/et_pb_text][\/et_pb_column_inner][\/et_pb_row_inner][\/et_pb_column][\/et_pb_section]<\/p>","protected":false},"excerpt":{"rendered":"<p>N\u00e9 en 1977 \u00e0 Agen dans le Sud-Ouest de la France,\u00a0Matthieu prend ses premiers cours de batterie d\u00e8s l\u2019\u00e2ge de 6 ans accompagn\u00e9 de son p\u00e8re, ex batteur amateur et passionn\u00e9 de jazz. Apr\u00e8s un passage de 5 ans au Conservatoire de Pau (Apprentissage des Percussions Classiques dans la classe de Patrick Guise), il rejoint [&hellip;]<\/p>","protected":false},"author":1,"featured_media":0,"parent":0,"menu_order":0,"comment_status":"closed","ping_status":"closed","template":"","meta":{"_et_pb_use_builder":"on","_et_pb_old_content":"","_et_gb_content_width":"","footnotes":""},"class_list":["post-1203","page","type-page","status-publish","hentry"],"jetpack_sharing_enabled":true,"_links":{"self":[{"href":"https:\/\/matthieuchazarenc.com\/en\/wp-json\/wp\/v2\/pages\/1203","targetHints":{"allow":["GET"]}}],"collection":[{"href":"https:\/\/matthieuchazarenc.com\/en\/wp-json\/wp\/v2\/pages"}],"about":[{"href":"https:\/\/matthieuchazarenc.com\/en\/wp-json\/wp\/v2\/types\/page"}],"author":[{"embeddable":true,"href":"https:\/\/matthieuchazarenc.com\/en\/wp-json\/wp\/v2\/users\/1"}],"replies":[{"embeddable":true,"href":"https:\/\/matthieuchazarenc.com\/en\/wp-json\/wp\/v2\/comments?post=1203"}],"version-history":[{"count":42,"href":"https:\/\/matthieuchazarenc.com\/en\/wp-json\/wp\/v2\/pages\/1203\/revisions"}],"predecessor-version":[{"id":2304,"href":"https:\/\/matthieuchazarenc.com\/en\/wp-json\/wp\/v2\/pages\/1203\/revisions\/2304"}],"wp:attachment":[{"href":"https:\/\/matthieuchazarenc.com\/en\/wp-json\/wp\/v2\/media?parent=1203"}],"curies":[{"name":"wp","href":"https:\/\/api.w.org\/{rel}","templated":true}]}}